{"id":1576,"date":"2021-02-01T12:05:30","date_gmt":"2021-02-01T07:05:30","guid":{"rendered":"http:\/\/euroderman.com.tm\/habarlasmak-ucin\/"},"modified":"2022-07-27T18:31:38","modified_gmt":"2022-07-27T13:31:38","slug":"habarlasmak-ucin","status":"publish","type":"page","link":"https:\/\/euroderman.com.tm\/tm\/habarlasmak-ucin\/","title":{"rendered":"Habarla\u015fmak \u00fc\u00e7in"},"content":{"rendered":"<p>[vc_row][vc_column offset=&#8221;vc_col-lg-4&#8243;]<div class=\"cz_eqh cz_content_box_parent_fx  \"><div id=\"cz_32505\" class=\"cz_32505 cz_content_box clr\"><div class=\"cz_box_front clr\"><div class=\"cz_box_front_inner clr \"><span><\/span><div><ul id=\"cz_81123\" class=\"cz_81123 cz_stylish_list clr cz_sl_icon_hover_zoom_in_fade\"><li class=\"clr\"><a href=\"tel:+99312964867\"><div class=\"cz_sl_icon\"><i class=\"fa fa-phone mr10\"><\/i><\/div><div><span>Telefon:<small>+99312 96-48-67<\/small><\/span><\/div><\/a><\/li><li class=\"clr\"><a href=\"mailto:sales@eurocosmeticstm.com\"><div class=\"cz_sl_icon\"><i class=\"fa fa-envelope mr10\"><\/i><\/div><div><span>Elektron po\u00e7ta:<small>sales@eurocosmeticstm.com<\/small><\/span><\/div><\/a><\/li><li class=\"clr\"><div class=\"cz_sl_icon\"><i class=\"fa fa-fax mr10\"><\/i><\/div><div><span>Faks:<small>+993 12 96-48-66<\/small><\/span><\/div><\/li><li class=\"clr\"><div class=\"cz_sl_icon\"><i class=\"fa fa-map-marker mr10\"><\/i><\/div><div><span>Salgy:<small>T\u00fcrkmenistan, A\u015fgabat \u015f\u00e4heri, 1946 (Ankara) k\u00f6\u00e7esi, 23-nji ja\u00fd (\u201cRysgal Bank\u201d binasy, 7-nji gat)<\/small><\/span><\/div><\/li><\/ul><div class=\"cz_gap clr \" style=\"height: 40px\"><\/div><div id=\"cz_90535\" class=\"cz_90535 cz_image clr cz_image_no_fx center_on_mobile\"><div class=\"\" ><div class=\"cz_image_in\"><div class=\"cz_main_image\"><img width=\"611\" height=\"611\" src=\"data:image\/svg+xml,%3Csvg%20xmlns%3D&#39;http%3A%2F%2Fwww.w3.org%2F2000%2Fsvg&#39;%20width=&#39;611&#39;%20height=&#39;611&#39;%20viewBox%3D&#39;0%200%20611%20611&#39;%2F%3E\" data-czlz data-src=\"https:\/\/euroderman.com.tm\/wp-content\/uploads\/2021\/01\/contact_us.jpg\" class=\"attachment-full\" alt=\"\" loading=\"lazy\" data-srcset=\"https:\/\/euroderman.com.tm\/wp-content\/uploads\/2021\/01\/contact_us.jpg 611w, https:\/\/euroderman.com.tm\/wp-content\/uploads\/2021\/01\/contact_us-300x300.jpg 300w, https:\/\/euroderman.com.tm\/wp-content\/uploads\/2021\/01\/contact_us-150x150.jpg 150w, https:\/\/euroderman.com.tm\/wp-content\/uploads\/2021\/01\/contact_us-600x600.jpg 600w\" data-sizes=\"(max-width: 611px) 100vw, 611px\" \/><\/div><\/div><\/div><\/div><\/div><\/div><\/div><\/div><\/div>[\/vc_column][vc_column css=&#8221;.vc_custom_1545816391909{padding-right: 40px !important;padding-left: 40px !important;}&#8221; offset=&#8221;vc_col-lg-8&#8243;]<div class=\"cz_gap clr \" style=\"height: 20px\"><\/div><div id=\"cz_50203\" class=\"cz_50203 cz_title clr cz_title_pos_inline\"><div class=\"cz_title_content\"><div class=\"cz_wpe_content\"><h3><span style=\"font-size: 36px;\">Bizi\u0148 bilen habarla\u015fmak<br \/>\n<\/span><\/h3>\n<\/div><\/div><\/div><div class=\"cz_gap clr \" style=\"height: 50px\"><\/div>[vc_column_text]<span style=\"font-size: 18px; color: #666666;\">Satuw we hyzmatda\u015f hyzmatlarymyz barada soraglary\u0148yza jogap bereris.<\/span>[\/vc_column_text]<div class=\"cz_gap clr \" style=\"height: 40px\"><\/div><div id=\"cz_25102\" class=\"cz_25102 cz_cf7 clr\"><div><div role=\"form\" class=\"wpcf7\" id=\"wpcf7-f1572-o1\" lang=\"en-US\" dir=\"ltr\">\n<div class=\"screen-reader-response\"><p role=\"status\" aria-live=\"polite\" aria-atomic=\"true\"><\/p> <ul><\/ul><\/div>\n<form action=\"\/tm\/wp-json\/wp\/v2\/pages\/1576#wpcf7-f1572-o1\" method=\"post\" class=\"wpcf7-form init\" novalidate=\"novalidate\" data-status=\"init\">\n<div style=\"display: none;\">\n<input type=\"hidden\" name=\"_wpcf7\" value=\"1572\" \/>\n<input type=\"hidden\" name=\"_wpcf7_version\" value=\"5.3.2\" \/>\n<input type=\"hidden\" name=\"_wpcf7_locale\" value=\"en_US\" \/>\n<input type=\"hidden\" name=\"_wpcf7_unit_tag\" value=\"wpcf7-f1572-o1\" \/>\n<input type=\"hidden\" name=\"_wpcf7_container_post\" value=\"0\" \/>\n<input type=\"hidden\" name=\"_wpcf7_posted_data_hash\" value=\"\" \/>\n<\/div>\n<p><label> Ady\u0148yz *<br \/>\n    <span class=\"wpcf7-form-control-wrap your-name\"><input type=\"text\" name=\"your-name\" value=\"\" size=\"40\" class=\"wpcf7-form-control wpcf7-text wpcf7-validates-as-required\" aria-required=\"true\" aria-invalid=\"false\" \/><\/span> <\/label><\/p>\n<p><label> Sizi\u0148 emaili\u0148iz *<br \/>\n    <span class=\"wpcf7-form-control-wrap your-email\"><input type=\"email\" name=\"your-email\" value=\"\" size=\"40\" class=\"wpcf7-form-control wpcf7-text wpcf7-email wpcf7-validates-as-required wpcf7-validates-as-email\" aria-required=\"true\" aria-invalid=\"false\" \/><\/span> <\/label><\/p>\n<p><label> Mowzuk<br \/>\n    <span class=\"wpcf7-form-control-wrap your-subject\"><input type=\"text\" name=\"your-subject\" value=\"\" size=\"40\" class=\"wpcf7-form-control wpcf7-text\" aria-invalid=\"false\" \/><\/span> <\/label><\/p>\n<p><label> B\u00f6l\u00fcm<br \/>\n    <span class=\"wpcf7-form-control-wrap menu-178\"><select name=\"menu-178\" class=\"wpcf7-form-control wpcf7-select\" aria-invalid=\"false\"><option value=\"I\u015f b\u00f6l\u00fcmi\">I\u015f b\u00f6l\u00fcmi<\/option><option value=\"I\u015fg\u00e4rler b\u00f6l\u00fcmi\">I\u015fg\u00e4rler b\u00f6l\u00fcmi<\/option><option value=\"Goldaw b\u00f6l\u00fcmi\">Goldaw b\u00f6l\u00fcmi<\/option><option value=\"Be\u00fdlekiler\">Be\u00fdlekiler<\/option><\/select><\/span> <\/label><\/p>\n<p><label> Habar<br \/>\n    <span class=\"wpcf7-form-control-wrap your-message\"><textarea name=\"your-message\" cols=\"40\" rows=\"10\" class=\"wpcf7-form-control wpcf7-textarea\" aria-invalid=\"false\"><\/textarea><\/span> <\/label><\/p>\n<p><input type=\"submit\" value=\"Iber\" class=\"wpcf7-form-control wpcf7-submit\" \/><\/p>\n<div class=\"wpcf7-response-output\" aria-hidden=\"true\"><\/div><\/form><\/div><\/div><\/div><div class=\"cz_gap clr \" style=\"height: 30px\"><\/div>[\/vc_column][\/vc_row][vc_row full_width=&#8221;stretch_row_content&#8221;][vc_column css=&#8221;.vc_custom_1611559667639{margin-bottom: -60px !important;}&#8221;][vc_raw_js]JTNDc2NyaXB0JTIwdHlwZSUzRCUyMnRleHQlMkZqYXZhc2NyaXB0JTIyJTIwY2hhcnNldCUzRCUyMnV0Zi04JTIyJTIwYXN5bmMlMjBzcmMlM0QlMjJodHRwcyUzQSUyRiUyRmFwaS1tYXBzLnlhbmRleC5ydSUyRnNlcnZpY2VzJTJGY29uc3RydWN0b3IlMkYxLjAlMkZqcyUyRiUzRnVtJTNEY29uc3RydWN0b3IlMjUzQTdmZjM0NGNmNmViYWVkM2FhOWYwMGQxZjFjMDk4MzdjMDNjM2M1NGMwMGI4NDBhODYwY2UxZmJmN2VhNzVmNGIlMjZhbXAlM0J3aWR0aCUzRDEwMCUyNTI1JTI2YW1wJTNCaGVpZ2h0JTNENDAwJTI2YW1wJTNCbGFuZyUzRHJ1X1JVJTI2YW1wJTNCc2Nyb2xsJTNEZmFsc2UlMjIlM0UlM0MlMkZzY3JpcHQlM0U=[\/vc_raw_js]<div class=\"cz_gap clr  hide_on_mobile\" style=\"height: 0px\"><\/div><div class=\"cz_gap show_on_mobile clr\" style=\"height: 20px\"><\/div>[\/vc_column][\/vc_row]<\/p>\n","protected":false},"excerpt":{"rendered":"<p>[vc_row][vc_column offset=&#8221;vc_col-lg-4&#8243;][\/vc_column][vc_column css=&#8221;.vc_custom_1545816391909{padding-right: 40px !important;padding-left: 40px !important;}&#8221; offset=&#8221;vc_col-lg-8&#8243;][vc_column_text]Satuw we hyzmatda\u015f hyzmatlarymyz &#8230; <\/p>\n","protected":false},"author":1,"featured_media":0,"parent":0,"menu_order":0,"comment_status":"closed","ping_status":"closed","template":"","meta":[],"_links":{"self":[{"href":"https:\/\/euroderman.com.tm\/tm\/wp-json\/wp\/v2\/pages\/1576"}],"collection":[{"href":"https:\/\/euroderman.com.tm\/tm\/wp-json\/wp\/v2\/pages"}],"about":[{"href":"https:\/\/euroderman.com.tm\/tm\/wp-json\/wp\/v2\/types\/page"}],"author":[{"embeddable":true,"href":"https:\/\/euroderman.com.tm\/tm\/wp-json\/wp\/v2\/users\/1"}],"replies":[{"embeddable":true,"href":"https:\/\/euroderman.com.tm\/tm\/wp-json\/wp\/v2\/comments?post=1576"}],"version-history":[{"count":8,"href":"https:\/\/euroderman.com.tm\/tm\/wp-json\/wp\/v2\/pages\/1576\/revisions"}],"predecessor-version":[{"id":1931,"href":"https:\/\/euroderman.com.tm\/tm\/wp-json\/wp\/v2\/pages\/1576\/revisions\/1931"}],"wp:attachment":[{"href":"https:\/\/euroderman.com.tm\/tm\/wp-json\/wp\/v2\/media?parent=1576"}],"curies":[{"name":"wp","href":"https:\/\/api.w.org\/{rel}","templated":true}]}}